{"id":11859,"date":"2023-04-23T19:11:44","date_gmt":"2023-04-23T19:11:44","guid":{"rendered":"https:\/\/rutasoka.com\/?page_id=11859"},"modified":"2025-03-11T13:38:23","modified_gmt":"2025-03-11T12:38:23","slug":"sustainability","status":"publish","type":"page","link":"https:\/\/rutasoka.com\/en\/sustainability\/","title":{"rendered":"Sustainability"},"content":{"rendered":"<div data-elementor-type=\"wp-page\" data-elementor-id=\"11859\" class=\"elementor elementor-11859\" wpc-filter-elementor-widget=\"1\" data-elementor-post-type=\"page\">\n\t\t\t\t\t\t<section class=\"elementor-section elementor-top-section elementor-element elementor-element-e1f41e2 elementor-section-full_width elementor-section-height-default elementor-section-height-default\" data-id=\"e1f41e2\" data-element_type=\"section\" data-e-type=\"section\">\n\t\t\t\t\t\t<div class=\"elementor-container elementor-column-gap-default\">\n\t\t\t\t\t<div class=\"elementor-column elementor-col-100 elementor-top-column elementor-element elementor-element-8f02eff\" data-id=\"8f02eff\" data-element_type=\"column\" data-e-type=\"column\">\n\t\t\t<div class=\"elementor-widget-wrap elementor-element-populated\">\n\t\t\t\t\t\t<div class=\"elementor-element elementor-element-c51499b elementor-widget elementor-widget-video\" data-id=\"c51499b\" data-element_type=\"widget\" data-e-type=\"widget\" data-settings=\"{&quot;video_type&quot;:&quot;hosted&quot;,&quot;autoplay&quot;:&quot;yes&quot;,&quot;play_on_mobile&quot;:&quot;yes&quot;,&quot;mute&quot;:&quot;yes&quot;,&quot;loop&quot;:&quot;yes&quot;}\" data-widget_type=\"video.default\">\n\t\t\t\t<div class=\"elementor-widget-container\">\n\t\t\t\t\t\t\t<div class=\"e-hosted-video elementor-wrapper elementor-open-inline\">\n\t\t\t\t\t<video class=\"elementor-video\" src=\"https:\/\/rutasoka.com\/wp-content\/uploads\/2024\/10\/Rutasoka-in-Congo.mp4\" autoplay=\"\" loop=\"\" muted=\"muted\" playsinline=\"\" controlslist=\"nodownload\"><\/video>\n\t\t\t\t<\/div>\n\t\t\t\t\t\t<\/div>\n\t\t\t\t<\/div>\n\t\t\t\t\t<\/div>\n\t\t<\/div>\n\t\t\t\t\t<\/div>\n\t\t<\/section>\n\t\t\t\t<section class=\"elementor-section elementor-top-section elementor-element elementor-element-f3a29d9 elementor-section-full_width elementor-section-height-default elementor-section-height-default\" data-id=\"f3a29d9\" data-element_type=\"section\" data-e-type=\"section\" data-settings=\"{&quot;background_background&quot;:&quot;classic&quot;}\">\n\t\t\t\t\t\t<div class=\"elementor-container elementor-column-gap-default\">\n\t\t\t\t\t<div class=\"elementor-column elementor-col-100 elementor-top-column elementor-element elementor-element-2507623\" data-id=\"2507623\" data-element_type=\"column\" data-e-type=\"column\">\n\t\t\t<div class=\"elementor-widget-wrap elementor-element-populated\">\n\t\t\t\t\t\t<div class=\"elementor-element elementor-element-8fc5688 elementor-widget__width-initial elementor-widget elementor-widget-text-editor\" data-id=\"8fc5688\" data-element_type=\"widget\" data-e-type=\"widget\" data-widget_type=\"text-editor.default\">\n\t\t\t\t<div class=\"elementor-widget-container\">\n\t\t\t\t\t\t\t\t\t<p>Rutasoka is a company that works to deliver high-quality coffee with a strong focus on sustainability and social responsibility. We are deeply committed to supporting coffee producers in East Africa, and strive to create a positive impact throughout the coffee chain \u2013 from cultivation to consumer.<\/p>\t\t\t\t\t\t\t\t<\/div>\n\t\t\t\t<\/div>\n\t\t\t\t<div class=\"elementor-element elementor-element-55ba9d1 elementor-align-center elementor-widget elementor-widget-button\" data-id=\"55ba9d1\" data-element_type=\"widget\" data-e-type=\"widget\" data-widget_type=\"button.default\">\n\t\t\t\t<div class=\"elementor-widget-container\">\n\t\t\t\t\t\t\t\t\t<div class=\"elementor-button-wrapper\">\n\t\t\t\t\t<a class=\"elementor-button elementor-button-link elementor-size-sm\" href=\"https:\/\/rutasoka.com\/en\/om-oss\/\">\n\t\t\t\t\t\t<span class=\"elementor-button-content-wrapper\">\n\t\t\t\t\t\t\t\t\t<span class=\"elementor-button-text\">Read more about the history of Rutasoka<\/span>\n\t\t\t\t\t<\/span>\n\t\t\t\t\t<\/a>\n\t\t\t\t<\/div>\n\t\t\t\t\t\t\t\t<\/div>\n\t\t\t\t<\/div>\n\t\t\t\t\t<\/div>\n\t\t<\/div>\n\t\t\t\t\t<\/div>\n\t\t<\/section>\n\t\t\t\t<section class=\"elementor-section elementor-top-section elementor-element elementor-element-fec7d71 elementor-section-boxed elementor-section-height-default elementor-section-height-default\" data-id=\"fec7d71\" data-element_type=\"section\" data-e-type=\"section\">\n\t\t\t\t\t\t<div class=\"elementor-container elementor-column-gap-default\">\n\t\t\t\t\t<div class=\"elementor-column elementor-col-50 elementor-top-column elementor-element elementor-element-e354518\" data-id=\"e354518\" data-element_type=\"column\" data-e-type=\"column\" data-settings=\"{&quot;background_background&quot;:&quot;classic&quot;}\">\n\t\t\t<div class=\"elementor-widget-wrap elementor-element-populated\">\n\t\t\t\t\t<div class=\"elementor-background-overlay\"><\/div>\n\t\t\t\t\t\t<div class=\"elementor-element elementor-element-fe68cfc elementor-widget elementor-widget-image\" data-id=\"fe68cfc\" data-element_type=\"widget\" data-e-type=\"widget\" data-widget_type=\"image.default\">\n\t\t\t\t<div class=\"elementor-widget-container\">\n\t\t\t\t\t\t\t\t\t\t\t\t\t\t\t<img fetchpriority=\"high\" decoding=\"async\" width=\"800\" height=\"600\" src=\"https:\/\/rutasoka.com\/wp-content\/uploads\/2024\/03\/20240115_121644-1024x768.jpg\" class=\"attachment-large size-large wp-image-17346\" alt=\"\" srcset=\"https:\/\/rutasoka.com\/wp-content\/uploads\/2024\/03\/20240115_121644-1024x768.jpg 1024w, https:\/\/rutasoka.com\/wp-content\/uploads\/2024\/03\/20240115_121644-300x225.jpg 300w, https:\/\/rutasoka.com\/wp-content\/uploads\/2024\/03\/20240115_121644-768x576.jpg 768w, https:\/\/rutasoka.com\/wp-content\/uploads\/2024\/03\/20240115_121644-1536x1152.jpg 1536w, https:\/\/rutasoka.com\/wp-content\/uploads\/2024\/03\/20240115_121644-2048x1536.jpg 2048w, https:\/\/rutasoka.com\/wp-content\/uploads\/2024\/03\/20240115_121644-16x12.jpg 16w, https:\/\/rutasoka.com\/wp-content\/uploads\/2024\/03\/20240115_121644-600x450.jpg 600w\" sizes=\"(max-width: 800px) 100vw, 800px\" \/>\t\t\t\t\t\t\t\t\t\t\t\t\t\t\t<\/div>\n\t\t\t\t<\/div>\n\t\t\t\t\t<\/div>\n\t\t<\/div>\n\t\t\t\t<div class=\"elementor-column elementor-col-50 elementor-top-column elementor-element elementor-element-d719c39\" data-id=\"d719c39\" data-element_type=\"column\" data-e-type=\"column\" data-settings=\"{&quot;background_background&quot;:&quot;classic&quot;}\">\n\t\t\t<div class=\"elementor-widget-wrap elementor-element-populated\">\n\t\t\t\t\t<div class=\"elementor-background-overlay\"><\/div>\n\t\t\t\t\t\t<div class=\"elementor-element elementor-element-c9e383c elementor-widget elementor-widget-heading\" data-id=\"c9e383c\" data-element_type=\"widget\" data-e-type=\"widget\" data-widget_type=\"heading.default\">\n\t\t\t\t<div class=\"elementor-widget-container\">\n\t\t\t\t\t<h2 class=\"elementor-heading-title elementor-size-default\">Sustainability in the value chain<\/h2>\t\t\t\t<\/div>\n\t\t\t\t<\/div>\n\t\t\t\t<div class=\"elementor-element elementor-element-d804318 elementor-widget__width-initial elementor-widget elementor-widget-text-editor\" data-id=\"d804318\" data-element_type=\"widget\" data-e-type=\"widget\" data-widget_type=\"text-editor.default\">\n\t\t\t\t<div class=\"elementor-widget-container\">\n\t\t\t\t\t\t\t\t\t<p>We work with certified farms that promote both the environment and society. For example, by using natural pesticides and sustainable agricultural methods, we support biodiversity and strengthen ecosystems.<\/p><p>We also promote agroforestry, where coffee is grown alongside shade trees and other crops. This method preserves forests, improves soil nutrients and prevents deforestation, helping to protect fragile ecosystems and sequester carbon dioxide.<\/p>\t\t\t\t\t\t\t\t<\/div>\n\t\t\t\t<\/div>\n\t\t\t\t\t<\/div>\n\t\t<\/div>\n\t\t\t\t\t<\/div>\n\t\t<\/section>\n\t\t\t\t<section class=\"elementor-section elementor-top-section elementor-element elementor-element-82daf7e elementor-reverse-mobile elementor-section-boxed elementor-section-height-default elementor-section-height-default\" data-id=\"82daf7e\" data-element_type=\"section\" data-e-type=\"section\">\n\t\t\t\t\t\t<div class=\"elementor-container elementor-column-gap-default\">\n\t\t\t\t\t<div class=\"elementor-column elementor-col-50 elementor-top-column elementor-element elementor-element-fce895a\" data-id=\"fce895a\" data-element_type=\"column\" data-e-type=\"column\" data-settings=\"{&quot;background_background&quot;:&quot;classic&quot;}\">\n\t\t\t<div class=\"elementor-widget-wrap elementor-element-populated\">\n\t\t\t\t\t<div class=\"elementor-background-overlay\"><\/div>\n\t\t\t\t\t\t<div class=\"elementor-element elementor-element-c98a1d6 elementor-widget elementor-widget-heading\" data-id=\"c98a1d6\" data-element_type=\"widget\" data-e-type=\"widget\" data-widget_type=\"heading.default\">\n\t\t\t\t<div class=\"elementor-widget-container\">\n\t\t\t\t\t<h2 class=\"elementor-heading-title elementor-size-default\">Certified coffee<\/h2>\t\t\t\t<\/div>\n\t\t\t\t<\/div>\n\t\t\t\t<div class=\"elementor-element elementor-element-ffc50d9 elementor-widget__width-initial elementor-widget elementor-widget-text-editor\" data-id=\"ffc50d9\" data-element_type=\"widget\" data-e-type=\"widget\" data-widget_type=\"text-editor.default\">\n\t\t\t\t<div class=\"elementor-widget-container\">\n\t\t\t\t\t\t\t\t\t<p>Rutasoka offers 100% certified coffee, we have organic and Rainforest Alliance-labeled coffee in our range. These certifications ensure that production takes place with consideration for both the environment and the people who work in the chain<b>.<\/b><\/p>\t\t\t\t\t\t\t\t<\/div>\n\t\t\t\t<\/div>\n\t\t\t\t<div class=\"elementor-element elementor-element-099e5ec elementor-widget elementor-widget-heading\" data-id=\"099e5ec\" data-element_type=\"widget\" data-e-type=\"widget\" data-widget_type=\"heading.default\">\n\t\t\t\t<div class=\"elementor-widget-container\">\n\t\t\t\t\t<h2 class=\"elementor-heading-title elementor-size-default\">Support for coffee producers<\/h2>\t\t\t\t<\/div>\n\t\t\t\t<\/div>\n\t\t\t\t<div class=\"elementor-element elementor-element-271e450 elementor-widget__width-initial elementor-widget elementor-widget-text-editor\" data-id=\"271e450\" data-element_type=\"widget\" data-e-type=\"widget\" data-widget_type=\"text-editor.default\">\n\t\t\t\t<div class=\"elementor-widget-container\">\n\t\t\t\t\t\t\t\t\t<p>We work closely with coffee producers in East Africa to build strong, long-term relationships that ensure fair working conditions, sustainable farming practices, and economic development for our farmers and their communities.<\/p>\t\t\t\t\t\t\t\t<\/div>\n\t\t\t\t<\/div>\n\t\t\t\t\t<\/div>\n\t\t<\/div>\n\t\t\t\t<div class=\"elementor-column elementor-col-50 elementor-top-column elementor-element elementor-element-bcbc4d1\" data-id=\"bcbc4d1\" data-element_type=\"column\" data-e-type=\"column\" data-settings=\"{&quot;background_background&quot;:&quot;classic&quot;}\">\n\t\t\t<div class=\"elementor-widget-wrap elementor-element-populated\">\n\t\t\t\t\t<div class=\"elementor-background-overlay\"><\/div>\n\t\t\t\t\t\t<div class=\"elementor-element elementor-element-ed12f55 elementor-widget elementor-widget-image\" data-id=\"ed12f55\" data-element_type=\"widget\" data-e-type=\"widget\" data-widget_type=\"image.default\">\n\t\t\t\t<div class=\"elementor-widget-container\">\n\t\t\t\t\t\t\t\t\t\t\t\t\t\t\t<img decoding=\"async\" width=\"800\" height=\"502\" src=\"https:\/\/rutasoka.com\/wp-content\/uploads\/2024\/10\/Coffee-Revolution-Page-Main-Banner-Image-scaled-e1728915826551-1024x643.jpg\" class=\"attachment-large size-large wp-image-19109\" alt=\"\" srcset=\"https:\/\/rutasoka.com\/wp-content\/uploads\/2024\/10\/Coffee-Revolution-Page-Main-Banner-Image-scaled-e1728915826551-1024x643.jpg 1024w, https:\/\/rutasoka.com\/wp-content\/uploads\/2024\/10\/Coffee-Revolution-Page-Main-Banner-Image-scaled-e1728915826551-300x188.jpg 300w, https:\/\/rutasoka.com\/wp-content\/uploads\/2024\/10\/Coffee-Revolution-Page-Main-Banner-Image-scaled-e1728915826551-768x482.jpg 768w, https:\/\/rutasoka.com\/wp-content\/uploads\/2024\/10\/Coffee-Revolution-Page-Main-Banner-Image-scaled-e1728915826551-1536x965.jpg 1536w, https:\/\/rutasoka.com\/wp-content\/uploads\/2024\/10\/Coffee-Revolution-Page-Main-Banner-Image-scaled-e1728915826551-2048x1286.jpg 2048w, https:\/\/rutasoka.com\/wp-content\/uploads\/2024\/10\/Coffee-Revolution-Page-Main-Banner-Image-scaled-e1728915826551-18x12.jpg 18w, https:\/\/rutasoka.com\/wp-content\/uploads\/2024\/10\/Coffee-Revolution-Page-Main-Banner-Image-scaled-e1728915826551-600x377.jpg 600w\" sizes=\"(max-width: 800px) 100vw, 800px\" \/>\t\t\t\t\t\t\t\t\t\t\t\t\t\t\t<\/div>\n\t\t\t\t<\/div>\n\t\t\t\t\t<\/div>\n\t\t<\/div>\n\t\t\t\t\t<\/div>\n\t\t<\/section>\n\t\t\t\t<section class=\"elementor-section elementor-top-section elementor-element elementor-element-35e8771 elementor-section-boxed elementor-section-height-default elementor-section-height-default\" data-id=\"35e8771\" data-element_type=\"section\" data-e-type=\"section\">\n\t\t\t\t\t\t<div class=\"elementor-container elementor-column-gap-default\">\n\t\t\t\t\t<div class=\"elementor-column elementor-col-50 elementor-top-column elementor-element elementor-element-7f1daf4\" data-id=\"7f1daf4\" data-element_type=\"column\" data-e-type=\"column\" data-settings=\"{&quot;background_background&quot;:&quot;classic&quot;}\">\n\t\t\t<div class=\"elementor-widget-wrap elementor-element-populated\">\n\t\t\t\t\t<div class=\"elementor-background-overlay\"><\/div>\n\t\t\t\t\t\t<div class=\"elementor-element elementor-element-c0a8351 elementor-widget elementor-widget-image\" data-id=\"c0a8351\" data-element_type=\"widget\" data-e-type=\"widget\" data-widget_type=\"image.default\">\n\t\t\t\t<div class=\"elementor-widget-container\">\n\t\t\t\t\t\t\t\t\t\t\t\t\t\t\t<img decoding=\"async\" width=\"800\" height=\"800\" src=\"https:\/\/rutasoka.com\/wp-content\/uploads\/2023\/11\/Coffee-seedlings-1024x1024.jpg\" class=\"attachment-large size-large wp-image-15542\" alt=\"\" srcset=\"https:\/\/rutasoka.com\/wp-content\/uploads\/2023\/11\/Coffee-seedlings-1024x1024.jpg 1024w, https:\/\/rutasoka.com\/wp-content\/uploads\/2023\/11\/Coffee-seedlings-300x300.jpg 300w, https:\/\/rutasoka.com\/wp-content\/uploads\/2023\/11\/Coffee-seedlings-150x150.jpg 150w, https:\/\/rutasoka.com\/wp-content\/uploads\/2023\/11\/Coffee-seedlings-768x768.jpg 768w, https:\/\/rutasoka.com\/wp-content\/uploads\/2023\/11\/Coffee-seedlings-12x12.jpg 12w, https:\/\/rutasoka.com\/wp-content\/uploads\/2023\/11\/Coffee-seedlings-600x600.jpg 600w, https:\/\/rutasoka.com\/wp-content\/uploads\/2023\/11\/Coffee-seedlings-100x100.jpg 100w, https:\/\/rutasoka.com\/wp-content\/uploads\/2023\/11\/Coffee-seedlings.jpg 1080w\" sizes=\"(max-width: 800px) 100vw, 800px\" \/>\t\t\t\t\t\t\t\t\t\t\t\t\t\t\t<\/div>\n\t\t\t\t<\/div>\n\t\t\t\t\t<\/div>\n\t\t<\/div>\n\t\t\t\t<div class=\"elementor-column elementor-col-50 elementor-top-column elementor-element elementor-element-abf7ec2\" data-id=\"abf7ec2\" data-element_type=\"column\" data-e-type=\"column\" data-settings=\"{&quot;background_background&quot;:&quot;classic&quot;}\">\n\t\t\t<div class=\"elementor-widget-wrap elementor-element-populated\">\n\t\t\t\t\t<div class=\"elementor-background-overlay\"><\/div>\n\t\t\t\t\t\t<div class=\"elementor-element elementor-element-387d31f elementor-widget__width-initial elementor-widget elementor-widget-text-editor\" data-id=\"387d31f\" data-element_type=\"widget\" data-e-type=\"widget\" data-widget_type=\"text-editor.default\">\n\t\t\t\t<div class=\"elementor-widget-container\">\n\t\t\t\t\t\t\t\t\t<p>By continuously distributing new coffee plants to producers in East Africa, their harvest increases. This in turn leads to increased income and economic stability for coffee producers and their families. As the plantations require more labor, from harvesting to processing, more jobs are created, strengthening the local economy.<\/p>\t\t\t\t\t\t\t\t<\/div>\n\t\t\t\t<\/div>\n\t\t\t\t\t<\/div>\n\t\t<\/div>\n\t\t\t\t\t<\/div>\n\t\t<\/section>\n\t\t\t\t<section class=\"elementor-section elementor-top-section elementor-element elementor-element-12d4571 elementor-reverse-mobile elementor-section-boxed elementor-section-height-default elementor-section-height-default\" data-id=\"12d4571\" data-element_type=\"section\" data-e-type=\"section\">\n\t\t\t\t\t\t<div class=\"elementor-container elementor-column-gap-default\">\n\t\t\t\t\t<div class=\"elementor-column elementor-col-50 elementor-top-column elementor-element elementor-element-6b5e3eb\" data-id=\"6b5e3eb\" data-element_type=\"column\" data-e-type=\"column\" data-settings=\"{&quot;background_background&quot;:&quot;classic&quot;}\">\n\t\t\t<div class=\"elementor-widget-wrap elementor-element-populated\">\n\t\t\t\t\t<div class=\"elementor-background-overlay\"><\/div>\n\t\t\t\t\t\t<div class=\"elementor-element elementor-element-7cfa960 elementor-widget elementor-widget-heading\" data-id=\"7cfa960\" data-element_type=\"widget\" data-e-type=\"widget\" data-widget_type=\"heading.default\">\n\t\t\t\t<div class=\"elementor-widget-container\">\n\t\t\t\t\t<h2 class=\"elementor-heading-title elementor-size-default\">Direct trade and fair conditions<\/h2>\t\t\t\t<\/div>\n\t\t\t\t<\/div>\n\t\t\t\t<div class=\"elementor-element elementor-element-3af2e45 elementor-widget__width-initial elementor-widget elementor-widget-text-editor\" data-id=\"3af2e45\" data-element_type=\"widget\" data-e-type=\"widget\" data-widget_type=\"text-editor.default\">\n\t\t\t\t<div class=\"elementor-widget-container\">\n\t\t\t\t\t\t\t\t\t<p>We prioritize direct trade with coffee producers, which reduces middlemen and ensures that a greater portion of the profits go back to the growers. This helps improve the standard of living of local communities.<\/p>\t\t\t\t\t\t\t\t<\/div>\n\t\t\t\t<\/div>\n\t\t\t\t\t<\/div>\n\t\t<\/div>\n\t\t\t\t<div class=\"elementor-column elementor-col-50 elementor-top-column elementor-element elementor-element-db885f3\" data-id=\"db885f3\" data-element_type=\"column\" data-e-type=\"column\" data-settings=\"{&quot;background_background&quot;:&quot;classic&quot;}\">\n\t\t\t<div class=\"elementor-widget-wrap elementor-element-populated\">\n\t\t\t\t\t<div class=\"elementor-background-overlay\"><\/div>\n\t\t\t\t\t\t<div class=\"elementor-element elementor-element-03cbf3c elementor-widget elementor-widget-image\" data-id=\"03cbf3c\" data-element_type=\"widget\" data-e-type=\"widget\" data-widget_type=\"image.default\">\n\t\t\t\t<div class=\"elementor-widget-container\">\n\t\t\t\t\t\t\t\t\t\t\t\t\t\t\t<img loading=\"lazy\" decoding=\"async\" width=\"800\" height=\"400\" src=\"https:\/\/rutasoka.com\/wp-content\/uploads\/2024\/09\/Web-Banner-For-Blogs-1-1024x512.png\" class=\"attachment-large size-large wp-image-18911\" alt=\"Rutasoka Empowering Women Coffee Farmers in Congo.\" srcset=\"https:\/\/rutasoka.com\/wp-content\/uploads\/2024\/09\/Web-Banner-For-Blogs-1-1024x512.png 1024w, https:\/\/rutasoka.com\/wp-content\/uploads\/2024\/09\/Web-Banner-For-Blogs-1-300x150.png 300w, https:\/\/rutasoka.com\/wp-content\/uploads\/2024\/09\/Web-Banner-For-Blogs-1-768x384.png 768w, https:\/\/rutasoka.com\/wp-content\/uploads\/2024\/09\/Web-Banner-For-Blogs-1-1536x768.png 1536w, https:\/\/rutasoka.com\/wp-content\/uploads\/2024\/09\/Web-Banner-For-Blogs-1-2048x1024.png 2048w, https:\/\/rutasoka.com\/wp-content\/uploads\/2024\/09\/Web-Banner-For-Blogs-1-18x9.png 18w, https:\/\/rutasoka.com\/wp-content\/uploads\/2024\/09\/Web-Banner-For-Blogs-1-600x300.png 600w\" sizes=\"(max-width: 800px) 100vw, 800px\" \/>\t\t\t\t\t\t\t\t\t\t\t\t\t\t\t<\/div>\n\t\t\t\t<\/div>\n\t\t\t\t\t<\/div>\n\t\t<\/div>\n\t\t\t\t\t<\/div>\n\t\t<\/section>\n\t\t\t\t<section class=\"elementor-section elementor-top-section elementor-element elementor-element-666ed9e4 elementor-section-height-min-height elementor-section-items-stretch elementor-section-full_width elementor-hidden-desktop elementor-hidden-tablet elementor-hidden-mobile elementor-section-height-default\" data-id=\"666ed9e4\" data-element_type=\"section\" data-e-type=\"section\" data-settings=\"{&quot;background_background&quot;:&quot;classic&quot;}\">\n\t\t\t\t\t\t<div class=\"elementor-container elementor-column-gap-default\">\n\t\t\t\t\t<div class=\"elementor-column elementor-col-100 elementor-top-column elementor-element elementor-element-71be64be\" data-id=\"71be64be\" data-element_type=\"column\" data-e-type=\"column\" data-settings=\"{&quot;background_background&quot;:&quot;classic&quot;}\">\n\t\t\t<div class=\"elementor-widget-wrap elementor-element-populated\">\n\t\t\t\t\t<div class=\"elementor-background-overlay\"><\/div>\n\t\t\t\t\t\t<div class=\"elementor-element elementor-element-604b7d9 elementor-hidden-desktop elementor-hidden-tablet elementor-hidden-mobile elementor-widget elementor-widget-heading\" data-id=\"604b7d9\" data-element_type=\"widget\" data-e-type=\"widget\" data-widget_type=\"heading.default\">\n\t\t\t\t<div class=\"elementor-widget-container\">\n\t\t\t\t\t<h1 class=\"elementor-heading-title elementor-size-default\">Rutasoka&#039;s Journey To Sustainability<\/h1>\t\t\t\t<\/div>\n\t\t\t\t<\/div>\n\t\t\t\t\t<\/div>\n\t\t<\/div>\n\t\t\t\t\t<\/div>\n\t\t<\/section>\n\t\t\t\t<\/div>","protected":false},"excerpt":{"rendered":"<p>https:\/\/rutasoka.com\/wp-content\/uploads\/2024\/10\/Rutasoka-in-Congo.mp4 Rutasoka \u00e4r ett f\u00f6retag som arbetar med att leverera h\u00f6gkvalitativt kaffe med ett starkt fokus p\u00e5 h\u00e5llbarhet och socialt ansvar. Vi \u00e4r djupt engagerat i att st\u00f6dja kaffeproducenter i \u00d6stafrika, och str\u00e4var efter att skapa en positiv p\u00e5verkan genom hela kaffekedjan \u2013 fr\u00e5n odling till konsument. L\u00e4s mer om Rutasokas historia H\u00e5llbarhet i v\u00e4rdekedjan [&hellip;]<\/p>\n","protected":false},"author":3,"featured_media":0,"parent":0,"menu_order":0,"comment_status":"closed","ping_status":"closed","template":"","meta":{"_acf_changed":false,"footnotes":""},"class_list":["post-11859","page","type-page","status-publish","hentry"],"acf":[],"_links":{"self":[{"href":"https:\/\/rutasoka.com\/en\/wp-json\/wp\/v2\/pages\/11859","targetHints":{"allow":["GET"]}}],"collection":[{"href":"https:\/\/rutasoka.com\/en\/wp-json\/wp\/v2\/pages"}],"about":[{"href":"https:\/\/rutasoka.com\/en\/wp-json\/wp\/v2\/types\/page"}],"author":[{"embeddable":true,"href":"https:\/\/rutasoka.com\/en\/wp-json\/wp\/v2\/users\/3"}],"replies":[{"embeddable":true,"href":"https:\/\/rutasoka.com\/en\/wp-json\/wp\/v2\/comments?post=11859"}],"version-history":[{"count":263,"href":"https:\/\/rutasoka.com\/en\/wp-json\/wp\/v2\/pages\/11859\/revisions"}],"predecessor-version":[{"id":20248,"href":"https:\/\/rutasoka.com\/en\/wp-json\/wp\/v2\/pages\/11859\/revisions\/20248"}],"wp:attachment":[{"href":"https:\/\/rutasoka.com\/en\/wp-json\/wp\/v2\/media?parent=11859"}],"curies":[{"name":"wp","href":"https:\/\/api.w.org\/{rel}","templated":true}]}}