{"id":22224,"date":"2026-02-25T16:16:02","date_gmt":"2026-02-25T15:16:02","guid":{"rendered":"https:\/\/rutasoka.com\/?page_id=22224"},"modified":"2026-03-30T13:43:25","modified_gmt":"2026-03-30T12:43:25","slug":"supplychain","status":"publish","type":"page","link":"https:\/\/rutasoka.com\/en\/supplychain\/","title":{"rendered":"Supply Chain"},"content":{"rendered":"<div data-elementor-type=\"wp-page\" data-elementor-id=\"22224\" class=\"elementor elementor-22224\" wpc-filter-elementor-widget=\"1\" data-elementor-post-type=\"page\">\n\t\t\t\t<div class=\"elementor-element elementor-element-79eef24 e-flex e-con-boxed e-con e-parent\" data-id=\"79eef24\" data-element_type=\"container\" data-e-type=\"container\" data-settings=\"{&quot;background_background&quot;:&quot;classic&quot;}\">\n\t\t\t\t\t<div class=\"e-con-inner\">\n\t\t\t\t<div class=\"elementor-element elementor-element-94bc00d elementor-widget elementor-widget-heading\" data-id=\"94bc00d\" data-element_type=\"widget\" data-e-type=\"widget\" data-widget_type=\"heading.default\">\n\t\t\t\t<div class=\"elementor-widget-container\">\n\t\t\t\t\t<h1 class=\"elementor-heading-title elementor-size-default\">Supply Chain<\/h1>\t\t\t\t<\/div>\n\t\t\t\t<\/div>\n\t\t\t\t\t<\/div>\n\t\t\t\t<\/div>\n\t\t<div class=\"elementor-element elementor-element-dcc4530 e-flex e-con-boxed e-con e-parent\" data-id=\"dcc4530\" data-element_type=\"container\" data-e-type=\"container\" data-settings=\"{&quot;background_background&quot;:&quot;classic&quot;}\">\n\t\t\t\t\t<div class=\"e-con-inner\">\n\t\t<div class=\"elementor-element elementor-element-97fa33c e-grid e-con-full elementor-invisible e-con e-child\" data-id=\"97fa33c\" data-element_type=\"container\" data-e-type=\"container\" data-settings=\"{&quot;animation&quot;:&quot;fadeIn&quot;}\">\n\t\t<div class=\"elementor-element elementor-element-41edad1 e-con-full e-flex e-con e-child\" data-id=\"41edad1\" data-element_type=\"container\" data-e-type=\"container\" data-settings=\"{&quot;background_background&quot;:&quot;classic&quot;}\">\n\t\t\t\t<div class=\"elementor-element elementor-element-f7c1b75 elementor-widget elementor-widget-heading\" data-id=\"f7c1b75\" data-element_type=\"widget\" data-e-type=\"widget\" data-widget_type=\"heading.default\">\n\t\t\t\t<div class=\"elementor-widget-container\">\n\t\t\t\t\t<h2 class=\"elementor-heading-title elementor-size-default\">From East African farms to your cup\u200b<\/h2>\t\t\t\t<\/div>\n\t\t\t\t<\/div>\n\t\t\t\t<div class=\"elementor-element elementor-element-4b4fccb elementor-widget elementor-widget-text-editor\" data-id=\"4b4fccb\" data-element_type=\"widget\" data-e-type=\"widget\" data-widget_type=\"text-editor.default\">\n\t\t\t\t<div class=\"elementor-widget-container\">\n\t\t\t\t\t\t\t\t\t<p>Every cup of Rutasoka coffee carries a story \u2013 a journey that begins long before the coffee reaches your cup. On the sun-kissed farms of East Africa, our coffee trees grow, carefully tended by producers who know each plant as part of their family. There, among mist-shrouded valleys and red soil, each berry is picked by hand \u2013 with respect for both nature and tradition.<br \/><br \/>Then the journey begins. Through gentle processing and meticulous handling, the coffee travels across borders and oceans, until it finally reaches our roastery in Gothenburg. Here, the beans are roasted in small batches, with time, precision and care \u2013 all to highlight the coffee\u2019s unique character and taste.<\/p>\t\t\t\t\t\t\t\t<\/div>\n\t\t\t\t<\/div>\n\t\t\t\t<\/div>\n\t\t\t\t<div class=\"elementor-element elementor-element-6dc5aa1 elementor-widget elementor-widget-image\" data-id=\"6dc5aa1\" data-element_type=\"widget\" data-e-type=\"widget\" data-widget_type=\"image.default\">\n\t\t\t\t<div class=\"elementor-widget-container\">\n\t\t\t\t\t\t\t\t\t\t\t\t\t\t\t<img fetchpriority=\"high\" decoding=\"async\" width=\"1600\" height=\"900\" src=\"https:\/\/rutasoka.com\/wp-content\/uploads\/2026\/03\/opt-20250523_135234.webp\" class=\"attachment-full size-full wp-image-22333\" alt=\"\" srcset=\"https:\/\/rutasoka.com\/wp-content\/uploads\/2026\/03\/opt-20250523_135234.webp 1600w, https:\/\/rutasoka.com\/wp-content\/uploads\/2026\/03\/opt-20250523_135234-300x169.webp 300w, https:\/\/rutasoka.com\/wp-content\/uploads\/2026\/03\/opt-20250523_135234-1024x576.webp 1024w, https:\/\/rutasoka.com\/wp-content\/uploads\/2026\/03\/opt-20250523_135234-768x432.webp 768w, https:\/\/rutasoka.com\/wp-content\/uploads\/2026\/03\/opt-20250523_135234-1536x864.webp 1536w, https:\/\/rutasoka.com\/wp-content\/uploads\/2026\/03\/opt-20250523_135234-18x10.webp 18w, https:\/\/rutasoka.com\/wp-content\/uploads\/2026\/03\/opt-20250523_135234-600x338.webp 600w\" sizes=\"(max-width: 1600px) 100vw, 1600px\" \/>\t\t\t\t\t\t\t\t\t\t\t\t\t\t\t<\/div>\n\t\t\t\t<\/div>\n\t\t\t\t<\/div>\n\t\t\t\t\t<\/div>\n\t\t\t\t<\/div>\n\t\t<div class=\"elementor-element elementor-element-58cb716 e-flex e-con-boxed e-con e-parent\" data-id=\"58cb716\" data-element_type=\"container\" data-e-type=\"container\" data-settings=\"{&quot;background_background&quot;:&quot;classic&quot;}\">\n\t\t\t\t\t<div class=\"e-con-inner\">\n\t\t<div class=\"elementor-element elementor-element-824a24a e-grid e-con-full elementor-invisible e-con e-child\" data-id=\"824a24a\" data-element_type=\"container\" data-e-type=\"container\" data-settings=\"{&quot;animation&quot;:&quot;fadeIn&quot;}\">\n\t\t\t\t<div class=\"elementor-element elementor-element-bdb5b2c elementor-widget elementor-widget-image\" data-id=\"bdb5b2c\" data-element_type=\"widget\" data-e-type=\"widget\" data-widget_type=\"image.default\">\n\t\t\t\t<div class=\"elementor-widget-container\">\n\t\t\t\t\t\t\t\t\t\t\t\t\t\t\t<img decoding=\"async\" width=\"1000\" height=\"689\" src=\"https:\/\/rutasoka.com\/wp-content\/uploads\/2026\/02\/left.webp\" class=\"attachment-full size-full wp-image-22263\" alt=\"\" srcset=\"https:\/\/rutasoka.com\/wp-content\/uploads\/2026\/02\/left.webp 1000w, https:\/\/rutasoka.com\/wp-content\/uploads\/2026\/02\/left-300x207.webp 300w, https:\/\/rutasoka.com\/wp-content\/uploads\/2026\/02\/left-768x529.webp 768w, https:\/\/rutasoka.com\/wp-content\/uploads\/2026\/02\/left-18x12.webp 18w, https:\/\/rutasoka.com\/wp-content\/uploads\/2026\/02\/left-600x413.webp 600w\" sizes=\"(max-width: 1000px) 100vw, 1000px\" \/>\t\t\t\t\t\t\t\t\t\t\t\t\t\t\t<\/div>\n\t\t\t\t<\/div>\n\t\t<div class=\"elementor-element elementor-element-7abf9a7 e-con-full e-flex e-con e-child\" data-id=\"7abf9a7\" data-element_type=\"container\" data-e-type=\"container\" data-settings=\"{&quot;background_background&quot;:&quot;classic&quot;}\">\n\t\t\t\t<div class=\"elementor-element elementor-element-c639f7f elementor-widget elementor-widget-heading\" data-id=\"c639f7f\" data-element_type=\"widget\" data-e-type=\"widget\" data-widget_type=\"heading.default\">\n\t\t\t\t<div class=\"elementor-widget-container\">\n\t\t\t\t\t<h2 class=\"elementor-heading-title elementor-size-default\">More than just transportation<\/h2>\t\t\t\t<\/div>\n\t\t\t\t<\/div>\n\t\t\t\t<div class=\"elementor-element elementor-element-8275b27 elementor-widget elementor-widget-text-editor\" data-id=\"8275b27\" data-element_type=\"widget\" data-e-type=\"widget\" data-widget_type=\"text-editor.default\">\n\t\t\t\t<div class=\"elementor-widget-container\">\n\t\t\t\t\t\t\t\t\t<p>For us, this journey is more about transporting green coffee. It&#039;s about people, culture and responsibility. <br \/><br \/>Every cup is an expression of collaboration \u2013 between the producers who grow, the roasters who refine, and you who share the experience.<\/p>\t\t\t\t\t\t\t\t<\/div>\n\t\t\t\t<\/div>\n\t\t\t\t<\/div>\n\t\t\t\t<\/div>\n\t\t\t\t\t<\/div>\n\t\t\t\t<\/div>\n\t\t<div class=\"elementor-element elementor-element-a6cf547 e-flex e-con-boxed e-con e-parent\" data-id=\"a6cf547\" data-element_type=\"container\" data-e-type=\"container\" data-settings=\"{&quot;background_background&quot;:&quot;classic&quot;}\">\n\t\t\t\t\t<div class=\"e-con-inner\">\n\t\t<div class=\"elementor-element elementor-element-07ad1c6 e-grid e-con-full elementor-invisible e-con e-child\" data-id=\"07ad1c6\" data-element_type=\"container\" data-e-type=\"container\" data-settings=\"{&quot;animation&quot;:&quot;fadeIn&quot;}\">\n\t\t<div class=\"elementor-element elementor-element-da032f6 e-con-full e-flex e-con e-child\" data-id=\"da032f6\" data-element_type=\"container\" data-e-type=\"container\" data-settings=\"{&quot;background_background&quot;:&quot;classic&quot;}\">\n\t\t\t\t<div class=\"elementor-element elementor-element-4321bb5 elementor-widget elementor-widget-heading\" data-id=\"4321bb5\" data-element_type=\"widget\" data-e-type=\"widget\" data-widget_type=\"heading.default\">\n\t\t\t\t<div class=\"elementor-widget-container\">\n\t\t\t\t\t<h2 class=\"elementor-heading-title elementor-size-default\">Direct trade with heart and responsibility<\/h2>\t\t\t\t<\/div>\n\t\t\t\t<\/div>\n\t\t\t\t<div class=\"elementor-element elementor-element-9a6c92a elementor-widget elementor-widget-text-editor\" data-id=\"9a6c92a\" data-element_type=\"widget\" data-e-type=\"widget\" data-widget_type=\"text-editor.default\">\n\t\t\t\t<div class=\"elementor-widget-container\">\n\t\t\t\t\t\t\t\t\t<p>At Rutasoka, we believe in closeness \u2013 to the people, to the origin and to the craftsmanship. That&#039;s why we work with direct sales, a method that allows us to keep the entire supply chain close and transparent.<br \/><br \/>Instead of going through many intermediaries, we build direct and long-term relationships with producers and cooperatives in East Africa. By meeting face to face, listening and learning from each other, we create trust and fair conditions \u2013 something that benefits both the quality of the coffee and the people behind it.<\/p>\t\t\t\t\t\t\t\t<\/div>\n\t\t\t\t<\/div>\n\t\t\t\t<\/div>\n\t\t\t\t<div class=\"elementor-element elementor-element-27c6319 elementor-widget elementor-widget-image\" data-id=\"27c6319\" data-element_type=\"widget\" data-e-type=\"widget\" data-widget_type=\"image.default\">\n\t\t\t\t<div class=\"elementor-widget-container\">\n\t\t\t\t\t\t\t\t\t\t\t\t\t\t\t<img decoding=\"async\" width=\"1920\" height=\"1206\" src=\"https:\/\/rutasoka.com\/wp-content\/uploads\/2026\/03\/opt-1C1A9372.webp\" class=\"attachment-full size-full wp-image-22334\" alt=\"\" srcset=\"https:\/\/rutasoka.com\/wp-content\/uploads\/2026\/03\/opt-1C1A9372.webp 1920w, https:\/\/rutasoka.com\/wp-content\/uploads\/2026\/03\/opt-1C1A9372-300x188.webp 300w, https:\/\/rutasoka.com\/wp-content\/uploads\/2026\/03\/opt-1C1A9372-1024x643.webp 1024w, https:\/\/rutasoka.com\/wp-content\/uploads\/2026\/03\/opt-1C1A9372-768x482.webp 768w, https:\/\/rutasoka.com\/wp-content\/uploads\/2026\/03\/opt-1C1A9372-1536x965.webp 1536w, https:\/\/rutasoka.com\/wp-content\/uploads\/2026\/03\/opt-1C1A9372-18x12.webp 18w, https:\/\/rutasoka.com\/wp-content\/uploads\/2026\/03\/opt-1C1A9372-600x377.webp 600w\" sizes=\"(max-width: 1920px) 100vw, 1920px\" \/>\t\t\t\t\t\t\t\t\t\t\t\t\t\t\t<\/div>\n\t\t\t\t<\/div>\n\t\t\t\t<\/div>\n\t\t\t\t\t<\/div>\n\t\t\t\t<\/div>\n\t\t<div class=\"elementor-element elementor-element-a22d6d7 e-flex e-con-boxed e-con e-parent\" data-id=\"a22d6d7\" data-element_type=\"container\" data-e-type=\"container\" data-settings=\"{&quot;background_background&quot;:&quot;classic&quot;}\">\n\t\t\t\t\t<div class=\"e-con-inner\">\n\t\t<div class=\"elementor-element elementor-element-62a71dc e-grid e-con-full elementor-invisible e-con e-child\" data-id=\"62a71dc\" data-element_type=\"container\" data-e-type=\"container\" data-settings=\"{&quot;animation&quot;:&quot;fadeIn&quot;}\">\n\t\t\t\t<div class=\"elementor-element elementor-element-c540800 elementor-widget elementor-widget-image\" data-id=\"c540800\" data-element_type=\"widget\" data-e-type=\"widget\" data-widget_type=\"image.default\">\n\t\t\t\t<div class=\"elementor-widget-container\">\n\t\t\t\t\t\t\t\t\t\t\t\t\t\t\t<img loading=\"lazy\" decoding=\"async\" width=\"1920\" height=\"951\" src=\"https:\/\/rutasoka.com\/wp-content\/uploads\/2026\/03\/opt-21C1A9372.webp\" class=\"attachment-full size-full wp-image-22335\" alt=\"\" srcset=\"https:\/\/rutasoka.com\/wp-content\/uploads\/2026\/03\/opt-21C1A9372.webp 1920w, https:\/\/rutasoka.com\/wp-content\/uploads\/2026\/03\/opt-21C1A9372-300x149.webp 300w, https:\/\/rutasoka.com\/wp-content\/uploads\/2026\/03\/opt-21C1A9372-1024x507.webp 1024w, https:\/\/rutasoka.com\/wp-content\/uploads\/2026\/03\/opt-21C1A9372-768x380.webp 768w, https:\/\/rutasoka.com\/wp-content\/uploads\/2026\/03\/opt-21C1A9372-1536x761.webp 1536w, https:\/\/rutasoka.com\/wp-content\/uploads\/2026\/03\/opt-21C1A9372-18x9.webp 18w, https:\/\/rutasoka.com\/wp-content\/uploads\/2026\/03\/opt-21C1A9372-600x297.webp 600w\" sizes=\"(max-width: 1920px) 100vw, 1920px\" \/>\t\t\t\t\t\t\t\t\t\t\t\t\t\t\t<\/div>\n\t\t\t\t<\/div>\n\t\t<div class=\"elementor-element elementor-element-86c66dc e-con-full e-flex e-con e-child\" data-id=\"86c66dc\" data-element_type=\"container\" data-e-type=\"container\" data-settings=\"{&quot;background_background&quot;:&quot;classic&quot;}\">\n\t\t\t\t<div class=\"elementor-element elementor-element-75b932a elementor-widget elementor-widget-heading\" data-id=\"75b932a\" data-element_type=\"widget\" data-e-type=\"widget\" data-widget_type=\"heading.default\">\n\t\t\t\t<div class=\"elementor-widget-container\">\n\t\t\t\t\t<h2 class=\"elementor-heading-title elementor-size-default\">Collaborations that preserve <\/h2>\t\t\t\t<\/div>\n\t\t\t\t<\/div>\n\t\t\t\t<div class=\"elementor-element elementor-element-125b4dc elementor-widget elementor-widget-text-editor\" data-id=\"125b4dc\" data-element_type=\"widget\" data-e-type=\"widget\" data-widget_type=\"text-editor.default\">\n\t\t\t\t<div class=\"elementor-widget-container\">\n\t\t\t\t\t\t\t\t\t<p>For us, direct sales are not just about buying coffee, but about investing in sustainable partnerships that preserve dignity, tradition and faith in the future.<\/p>\t\t\t\t\t\t\t\t<\/div>\n\t\t\t\t<\/div>\n\t\t\t\t<\/div>\n\t\t\t\t<\/div>\n\t\t\t\t\t<\/div>\n\t\t\t\t<\/div>\n\t\t<div class=\"elementor-element elementor-element-d54f9f5 e-flex e-con-boxed e-con e-parent\" data-id=\"d54f9f5\" data-element_type=\"container\" data-e-type=\"container\" data-settings=\"{&quot;background_background&quot;:&quot;classic&quot;}\">\n\t\t\t\t\t<div class=\"e-con-inner\">\n\t\t<div class=\"elementor-element elementor-element-39a83c8 e-grid e-con-full elementor-invisible e-con e-child\" data-id=\"39a83c8\" data-element_type=\"container\" data-e-type=\"container\" data-settings=\"{&quot;animation&quot;:&quot;fadeIn&quot;}\">\n\t\t<div class=\"elementor-element elementor-element-bc1d34a e-con-full e-flex e-con e-child\" data-id=\"bc1d34a\" data-element_type=\"container\" data-e-type=\"container\" data-settings=\"{&quot;background_background&quot;:&quot;classic&quot;}\">\n\t\t\t\t<div class=\"elementor-element elementor-element-01e26ef elementor-widget elementor-widget-heading\" data-id=\"01e26ef\" data-element_type=\"widget\" data-e-type=\"widget\" data-widget_type=\"heading.default\">\n\t\t\t\t<div class=\"elementor-widget-container\">\n\t\t\t\t\t<h2 class=\"elementor-heading-title elementor-size-default\">When craftsmanship meets passion<\/h2>\t\t\t\t<\/div>\n\t\t\t\t<\/div>\n\t\t\t\t<div class=\"elementor-element elementor-element-10496c6 elementor-widget elementor-widget-text-editor\" data-id=\"10496c6\" data-element_type=\"widget\" data-e-type=\"widget\" data-widget_type=\"text-editor.default\">\n\t\t\t\t<div class=\"elementor-widget-container\">\n\t\t\t\t\t\t\t\t\t<p>Quality is at the heart of everything we do. From the moment the coffee berries are picked until they meet the heat of the roasting drum, we follow every step with care and respect. Every batch of coffee undergoes meticulous checks where we taste, analyze and get to know the unique character of the beans. This is how we can guarantee that every cup lives up to Rutasoka\u2019s promise \u2013 coffee with soul and quality in every detail.<br \/><br \/>When the coffee reaches our roastery in Gothenburg, the next part of the craft begins. Here we roast in small batches to give each bean the attention it deserves. We adjust the temperature and roast level according to origin, harvest and desired flavor profile \u2013 always with the goal of highlighting the coffee\u2019s unique character, not hiding it.<br \/><br \/>For us, roasting is a balance between science and emotion. Every roast is a dialogue between man and raw material \u2013 a moment where passion meets precision. The result is a coffee with depth, identity and a history that can be experienced in every sip.<\/p>\t\t\t\t\t\t\t\t<\/div>\n\t\t\t\t<\/div>\n\t\t\t\t<\/div>\n\t\t\t\t<div class=\"elementor-element elementor-element-2d2c860 elementor-widget elementor-widget-image\" data-id=\"2d2c860\" data-element_type=\"widget\" data-e-type=\"widget\" data-widget_type=\"image.default\">\n\t\t\t\t<div class=\"elementor-widget-container\">\n\t\t\t\t\t\t\t\t\t\t\t\t\t\t\t<img loading=\"lazy\" decoding=\"async\" width=\"1280\" height=\"1236\" src=\"https:\/\/rutasoka.com\/wp-content\/uploads\/2026\/03\/coffee-break.webp\" class=\"attachment-full size-full wp-image-22337\" alt=\"\" srcset=\"https:\/\/rutasoka.com\/wp-content\/uploads\/2026\/03\/coffee-break.webp 1280w, https:\/\/rutasoka.com\/wp-content\/uploads\/2026\/03\/coffee-break-300x290.webp 300w, https:\/\/rutasoka.com\/wp-content\/uploads\/2026\/03\/coffee-break-1024x989.webp 1024w, https:\/\/rutasoka.com\/wp-content\/uploads\/2026\/03\/coffee-break-768x742.webp 768w, https:\/\/rutasoka.com\/wp-content\/uploads\/2026\/03\/coffee-break-12x12.webp 12w, https:\/\/rutasoka.com\/wp-content\/uploads\/2026\/03\/coffee-break-600x579.webp 600w\" sizes=\"(max-width: 1280px) 100vw, 1280px\" \/>\t\t\t\t\t\t\t\t\t\t\t\t\t\t\t<\/div>\n\t\t\t\t<\/div>\n\t\t\t\t<\/div>\n\t\t\t\t\t<\/div>\n\t\t\t\t<\/div>\n\t\t<div class=\"elementor-element elementor-element-f14c22f e-flex e-con-boxed e-con e-parent\" data-id=\"f14c22f\" data-element_type=\"container\" data-e-type=\"container\" data-settings=\"{&quot;background_background&quot;:&quot;classic&quot;}\">\n\t\t\t\t\t<div class=\"e-con-inner\">\n\t\t\t\t<div class=\"elementor-element elementor-element-5e37f5b elementor-align-center elementor-widget elementor-widget-button\" data-id=\"5e37f5b\" data-element_type=\"widget\" data-e-type=\"widget\" data-widget_type=\"button.default\">\n\t\t\t\t<div class=\"elementor-widget-container\">\n\t\t\t\t\t\t\t\t\t<div class=\"elementor-button-wrapper\">\n\t\t\t\t\t<a class=\"elementor-button elementor-button-link elementor-size-sm\" href=\"https:\/\/rutasoka.com\/en\/vart-sortiment\/\">\n\t\t\t\t\t\t<span class=\"elementor-button-content-wrapper\">\n\t\t\t\t\t\t\t\t\t<span class=\"elementor-button-text\">explore our range<\/span>\n\t\t\t\t\t<\/span>\n\t\t\t\t\t<\/a>\n\t\t\t\t<\/div>\n\t\t\t\t\t\t\t\t<\/div>\n\t\t\t\t<\/div>\n\t\t\t\t\t<\/div>\n\t\t\t\t<\/div>\n\t\t\t\t<\/div>","protected":false},"excerpt":{"rendered":"<p>Fr\u00e5n \u00f6stafrikanska g\u00e5rdar till din kopp\u200b Varje kopp Rutasoka-kaffe b\u00e4r p\u00e5 en historia \u2013 en resa som b\u00f6rjar l\u00e5ngt innan kaffet n\u00e5r din kopp. P\u00e5 de solkyssta g\u00e5rdarna i \u00d6stafrika v\u00e4xer v\u00e5ra kaffetr\u00e4d, omsorgsfullt sk\u00f6tta av producenter som k\u00e4nner varje planta som en del av sin familj. D\u00e4r, bland dimh\u00f6ljda dalar och r\u00f6d jord, plockas [&hellip;]<\/p>\n","protected":false},"author":1,"featured_media":0,"parent":0,"menu_order":0,"comment_status":"closed","ping_status":"closed","template":"","meta":{"_acf_changed":false,"footnotes":""},"class_list":["post-22224","page","type-page","status-publish","hentry"],"acf":[],"_links":{"self":[{"href":"https:\/\/rutasoka.com\/en\/wp-json\/wp\/v2\/pages\/22224","targetHints":{"allow":["GET"]}}],"collection":[{"href":"https:\/\/rutasoka.com\/en\/wp-json\/wp\/v2\/pages"}],"about":[{"href":"https:\/\/rutasoka.com\/en\/wp-json\/wp\/v2\/types\/page"}],"author":[{"embeddable":true,"href":"https:\/\/rutasoka.com\/en\/wp-json\/wp\/v2\/users\/1"}],"replies":[{"embeddable":true,"href":"https:\/\/rutasoka.com\/en\/wp-json\/wp\/v2\/comments?post=22224"}],"version-history":[{"count":53,"href":"https:\/\/rutasoka.com\/en\/wp-json\/wp\/v2\/pages\/22224\/revisions"}],"predecessor-version":[{"id":22357,"href":"https:\/\/rutasoka.com\/en\/wp-json\/wp\/v2\/pages\/22224\/revisions\/22357"}],"wp:attachment":[{"href":"https:\/\/rutasoka.com\/en\/wp-json\/wp\/v2\/media?parent=22224"}],"curies":[{"name":"wp","href":"https:\/\/api.w.org\/{rel}","templated":true}]}}